{"id":472,"date":"2026-02-13T14:21:54","date_gmt":"2026-02-13T12:21:54","guid":{"rendered":"https:\/\/catalyte.fi\/?page_id=472"},"modified":"2026-03-31T21:55:58","modified_gmt":"2026-03-31T18:55:58","slug":"home","status":"publish","type":"page","link":"https:\/\/catalyte.fi\/fi\/","title":{"rendered":"Etusivu"},"content":{"rendered":"\n<div class=\"wp-block-columns is-layout-flex wp-container-core-columns-is-layout-7d874bf9 wp-block-columns-is-layout-flex\" style=\"margin-top:0;margin-bottom:0;padding-top:0;padding-bottom:0\">\n<div class=\"wp-block-column is-vertically-aligned-center is-layout-flow wp-block-column-is-layout-flow\" style=\"padding-top:0;padding-right:0;padding-bottom:0;padding-left:0;flex-basis:100%\">\n<div class=\"wp-block-cover is-light has-base-color has-text-color has-link-color wp-elements-cee05c06a2ab6be2f20079a31cf78ec9\" style=\"margin-top:0;margin-bottom:0;padding-top:0;padding-bottom:0;min-height:89vh;aspect-ratio:unset;\"><video class=\"wp-block-cover__video-background intrinsic-ignore\" autoplay muted loop playsinline src=\"https:\/\/catalyte.fi\/wp-content\/uploads\/2026\/03\/6950215_futuristic_matrix_simulation_3840x2160_4k_v1-720p.mp4\" poster=\"https:\/\/catalyte.fi\/wp-content\/uploads\/2026\/02\/thumb.jpg\" data-object-fit=\"cover\"><\/video><span aria-hidden=\"true\" class=\"wp-block-cover__background has-accent-2-background-color has-background-dim-0 has-background-dim\"><\/span><div class=\"wp-block-cover__inner-container has-global-padding is-layout-constrained wp-container-core-cover-is-layout-a5a8b2dd wp-block-cover-is-layout-constrained\">\n<figure class=\"wp-block-image aligncenter size-large is-resized\" style=\"margin-top:0;margin-bottom:0\"><img decoding=\"async\" src=\"https:\/\/catalyte.fi\/wp-content\/uploads\/2026\/02\/Catalyte_nega-1024x451.webp\" alt=\"\" class=\"wp-image-24\" style=\"width:670px\"\/><\/figure>\n\n\n\n<p class=\"has-text-align-center is-style-default has-x-large-font-size\" style=\"margin-top:var(--wp--preset--spacing--40);margin-right:0;margin-bottom:var(--wp--preset--spacing--40);margin-left:0;padding-right:var(--wp--preset--spacing--40);padding-left:var(--wp--preset--spacing--40)\">Ratkaisuja, joita ei tarvitse siet\u00e4\u00e4 &#8211; vaan halutaan k\u00e4ytt\u00e4\u00e4.<\/p>\n\n\n\n<div class=\"wp-block-buttons is-content-justification-center is-layout-flex wp-container-core-buttons-is-layout-a89b3969 wp-block-buttons-is-layout-flex\">\n<div class=\"wp-block-button\" id=\"company-button\"><a class=\"wp-block-button__link has-background wp-element-button\" href=\"https:\/\/catalyte.fi\/fi\/yritys\/\" style=\"border-top-left-radius:100px;border-top-right-radius:100px;border-bottom-left-radius:100px;border-bottom-right-radius:100px;background-color:#114b5f\">Lue lis\u00e4\u00e4<\/a><\/div>\n\n\n\n<div class=\"wp-block-button is-style-outline is-style-outline--1\" id=\"contact-button\"><a class=\"wp-block-button__link has-text-align-center wp-element-button\" href=\"https:\/\/catalyte.fi\/fi\/ota-yhteytta\/\" style=\"border-width:2px;border-top-left-radius:100px;border-top-right-radius:100px;border-bottom-left-radius:100px;border-bottom-right-radius:100px\">Ota yhteytt\u00e4<\/a><\/div>\n<\/div>\n<\/div><\/div>\n<\/div>\n<\/div>\n","protected":false},"excerpt":{"rendered":"","protected":false},"author":1,"featured_media":0,"parent":0,"menu_order":0,"comment_status":"closed","ping_status":"closed","template":"page-no-title","meta":{"footnotes":""},"ai_seo_topic":[],"class_list":["post-472","page","type-page","status-publish","hentry"],"_links":{"self":[{"href":"https:\/\/catalyte.fi\/fi\/wp-json\/wp\/v2\/pages\/472","targetHints":{"allow":["GET"]}}],"collection":[{"href":"https:\/\/catalyte.fi\/fi\/wp-json\/wp\/v2\/pages"}],"about":[{"href":"https:\/\/catalyte.fi\/fi\/wp-json\/wp\/v2\/types\/page"}],"author":[{"embeddable":true,"href":"https:\/\/catalyte.fi\/fi\/wp-json\/wp\/v2\/users\/1"}],"replies":[{"embeddable":true,"href":"https:\/\/catalyte.fi\/fi\/wp-json\/wp\/v2\/comments?post=472"}],"version-history":[{"count":54,"href":"https:\/\/catalyte.fi\/fi\/wp-json\/wp\/v2\/pages\/472\/revisions"}],"predecessor-version":[{"id":6534,"href":"https:\/\/catalyte.fi\/fi\/wp-json\/wp\/v2\/pages\/472\/revisions\/6534"}],"wp:attachment":[{"href":"https:\/\/catalyte.fi\/fi\/wp-json\/wp\/v2\/media?parent=472"}],"wp:term":[{"taxonomy":"ai_seo_topic","embeddable":true,"href":"https:\/\/catalyte.fi\/fi\/wp-json\/wp\/v2\/ai_seo_topic?post=472"}],"curies":[{"name":"wp","href":"https:\/\/api.w.org\/{rel}","templated":true}]}}