{"id":19,"date":"2026-02-03T12:45:34","date_gmt":"2026-02-03T12:45:34","guid":{"rendered":"http:\/\/localhost:8080\/?page_id=12"},"modified":"2026-04-02T10:48:28","modified_gmt":"2026-04-02T07:48:28","slug":"contact","status":"publish","type":"page","link":"https:\/\/catalyte.fi\/fi\/ota-yhteytta\/","title":{"rendered":"Ota yhteytt\u00e4"},"content":{"rendered":"\n<div class=\"wp-block-group is-vertical is-layout-flex wp-container-core-group-is-layout-fed7e1b2 wp-block-group-is-layout-flex has-background\" style=\"min-height:0vh;background-image:url(&apos;https:\/\/catalyte.fi\/wp-content\/uploads\/2026\/02\/thumb-2-mirror.jpg&apos;);background-size:cover;\">\n<h2 class=\"wp-block-heading has-text-align-left has-base-color has-text-color has-link-color wp-elements-324ceaf77c14e2b11aeb3080504dc090\" style=\"padding-top:var(--wp--preset--spacing--50);padding-right:var(--wp--preset--spacing--50);padding-bottom:var(--wp--preset--spacing--50);padding-left:var(--wp--preset--spacing--50);font-size:clamp(38.682px, 2.418rem + ((1vw - 3.2px) * 2.603), 72px);\">Ota yhteytt\u00e4<\/h2>\n<\/div>\n\n\n\n<div class=\"wp-block-columns no-overscale has-base-background-color has-background is-layout-flex wp-container-core-columns-is-layout-e93f1ee5 wp-block-columns-is-layout-flex\" style=\"padding-top:var(--wp--preset--spacing--70)\">\n<div class=\"wp-block-column is-layout-flow wp-block-column-is-layout-flow\">\n<div class=\"wp-block-group has-global-padding is-layout-constrained wp-block-group-is-layout-constrained\" style=\"min-height:80vh\">\n<div class=\"wp-block-columns is-layout-flex wp-container-core-columns-is-layout-03c4aa38 wp-block-columns-is-layout-flex\" style=\"padding-right:0;padding-left:0\">\n<div class=\"wp-block-column reveal is-layout-flow wp-block-column-is-layout-flow\" style=\"padding-top:var(--wp--preset--spacing--30)\">\n<p class=\"has-large-font-size\" style=\"padding-top:0;padding-left:var(--wp--preset--spacing--20)\">Ei ole v\u00e4li\u00e4, mist\u00e4 l\u00e4hdette liikkeelle,&nbsp;me autamme oikeaan suuntaan.<\/p>\n\n\n\n<p class=\"has-large-font-size\" style=\"padding-top:var(--wp--preset--spacing--30);padding-right:var(--wp--preset--spacing--20);padding-bottom:var(--wp--preset--spacing--30);padding-left:var(--wp--preset--spacing--20)\">J\u00e4t\u00e4 viesti, niin asiantuntijamme ottavat teihin yhteytt\u00e4 ja auttavat l\u00f6yt\u00e4m\u00e4\u00e4n parhaan ratkaisun juuri teille.<\/p>\n\n\n\n<div class=\"wp-block-group is-nowrap is-layout-flex wp-container-core-group-is-layout-90db5a93 wp-block-group-is-layout-flex\" style=\"padding-top:var(--wp--preset--spacing--30);padding-right:0;padding-left:0\">\n<div class=\"wp-block-outermost-icon-block\"><div class=\"icon-container\" style=\"width:48px;padding-right:var(--wp--preset--spacing--20);padding-left:var(--wp--preset--spacing--20);transform:rotate(0deg) scaleX(1) scaleY(1)\"><svg xmlns=\"http:\/\/www.w3.org\/2000\/svg\" viewBox=\"0 0 24 24\" aria-hidden=\"true\"><path d=\"M20,4H4C2.895,4,2,4.895,2,6v12c0,1.105,0.895,2,2,2h16c1.105,0,2-0.895,2-2V6C22,4.895,21.105,4,20,4z M20,8.236l-8,4.882 L4,8.236V6h16V8.236z\"><\/path><\/svg><\/div><\/div>\n\n\n\n<p class=\"has-large-font-size\">info@catalyte.fi<\/p>\n<\/div>\n\n\n\n<div class=\"wp-block-group is-nowrap is-layout-flex wp-container-core-group-is-layout-1538eb62 wp-block-group-is-layout-flex\" style=\"padding-right:0;padding-left:0\">\n<div class=\"wp-block-outermost-icon-block\"><div class=\"icon-container\" style=\"width:48px;padding-right:var(--wp--preset--spacing--20);padding-left:var(--wp--preset--spacing--20);transform:rotate(0deg) scaleX(1) scaleY(1)\"><svg xmlns=\"http:\/\/www.w3.org\/2000\/svg\" viewBox=\"0 0 24 24\" aria-hidden=\"true\"><path d=\"M15 4H9c-1.1 0-2 .9-2 2v12c0 1.1.9 2 2 2h6c1.1 0 2-.9 2-2V6c0-1.1-.9-2-2-2zm.5 14c0 .3-.2.5-.5.5H9c-.3 0-.5-.2-.5-.5V6c0-.3.2-.5.5-.5h6c.3 0 .5.2.5.5v12zm-4.5-.5h2V16h-2v1.5z\"><\/path><\/svg><\/div><\/div>\n\n\n\n<p class=\"has-large-font-size\">+358401931444<\/p>\n<\/div>\n\n\n\n<div class=\"wp-block-group is-nowrap is-layout-flex wp-container-core-group-is-layout-1538eb62 wp-block-group-is-layout-flex\" style=\"padding-right:0;padding-left:0\">\n<div class=\"wp-block-outermost-icon-block\"><div class=\"icon-container\" style=\"width:48px;padding-right:var(--wp--preset--spacing--20);padding-left:var(--wp--preset--spacing--20);transform:rotate(0deg) scaleX(1) scaleY(1)\"><svg xmlns=\"http:\/\/www.w3.org\/2000\/svg\" viewBox=\"0 0 24 24\" aria-hidden=\"true\"><path d=\"M19.7,3H4.3C3.582,3,3,3.582,3,4.3v15.4C3,20.418,3.582,21,4.3,21h15.4c0.718,0,1.3-0.582,1.3-1.3V4.3 C21,3.582,20.418,3,19.7,3z M8.339,18.338H5.667v-8.59h2.672V18.338z M7.004,8.574c-0.857,0-1.549-0.694-1.549-1.548 c0-0.855,0.691-1.548,1.549-1.548c0.854,0,1.547,0.694,1.547,1.548C8.551,7.881,7.858,8.574,7.004,8.574z M18.339,18.338h-2.669 v-4.177c0-0.996-0.017-2.278-1.387-2.278c-1.389,0-1.601,1.086-1.601,2.206v4.249h-2.667v-8.59h2.559v1.174h0.037 c0.356-0.675,1.227-1.387,2.526-1.387c2.703,0,3.203,1.779,3.203,4.092V18.338z\"><\/path><\/svg><\/div><\/div>\n\n\n\n<p class=\"has-contrast-color has-text-color has-link-color has-large-font-size wp-elements-28dfa7cd7ce07d316599621741d3469c\" style=\"padding-right:0;padding-left:0\"><a href=\"https:\/\/linkedin.com\/company\/catalyte-oy\">Catalyte<\/a><\/p>\n<\/div>\n\n\n\n<div class=\"wp-block-group is-nowrap is-layout-flex wp-container-core-group-is-layout-1538eb62 wp-block-group-is-layout-flex\" style=\"padding-right:0;padding-left:0\">\n<div class=\"wp-block-outermost-icon-block\"><div class=\"icon-container\" style=\"width:48px;padding-right:var(--wp--preset--spacing--20);padding-left:var(--wp--preset--spacing--20);transform:rotate(0deg) scaleX(1) scaleY(1)\"><svg xmlns=\"http:\/\/www.w3.org\/2000\/svg\" viewBox=\"0 0 24 24\" aria-hidden=\"true\"><path d=\"M12 9c-.8 0-1.5.7-1.5 1.5S11.2 12 12 12s1.5-.7 1.5-1.5S12.8 9 12 9zm0-5c-3.6 0-6.5 2.8-6.5 6.2 0 .8.3 1.8.9 3.1.5 1.1 1.2 2.3 2 3.6.7 1 3 3.8 3.2 3.9l.4.5.4-.5c.2-.2 2.6-2.9 3.2-3.9.8-1.2 1.5-2.5 2-3.6.6-1.3.9-2.3.9-3.1C18.5 6.8 15.6 4 12 4zm4.3 8.7c-.5 1-1.1 2.2-1.9 3.4-.5.7-1.7 2.2-2.4 3-.7-.8-1.9-2.3-2.4-3-.8-1.2-1.4-2.3-1.9-3.3-.6-1.4-.7-2.2-.7-2.5 0-2.6 2.2-4.7 5-4.7s5 2.1 5 4.7c0 .2-.1 1-.7 2.4z\"><\/path><\/svg><\/div><\/div>\n\n\n\n<p class=\"has-large-font-size\">Helsinki, Finland<\/p>\n<\/div>\n<\/div>\n\n\n\n<div class=\"wp-block-column reveal is-layout-flow wp-block-column-is-layout-flow\">\n<div class=\"wp-block-group border-effect has-border-color has-accent-1-border-color has-custom-halo-gradient-transparent-gradient-background has-background has-global-padding is-layout-constrained wp-container-core-group-is-layout-cc5218b1 wp-block-group-is-layout-constrained\" style=\"border-width:1px;border-top-left-radius:10px;border-top-right-radius:10px;border-bottom-left-radius:10px;border-bottom-right-radius:10px;padding-top:var(--wp--preset--spacing--20);padding-right:var(--wp--preset--spacing--30);padding-bottom:var(--wp--preset--spacing--20);padding-left:var(--wp--preset--spacing--30)\">\n<div id=\"halo-form\"><\/div>\n<link rel=\"stylesheet\" href=\"https:\/\/catalyte.halopsa.com\/embed\/newticket.css\"><\/link>\n<script>\n  var haloFormConfig = {\n    haloApiUrl: \"https:\/\/catalyte.halopsa.com\/api\",\n    ticketTypeId: 64,\n    ticketTypeKey: \"df2d0f4e-39f9-4be7-ba6d-638e7845985f\",\n  }\n<\/script>\n<script src=\"https:\/\/catalyte.halopsa.com\/embed\/newticket.js\"><\/script>\n<\/div>\n<\/div>\n<\/div>\n<\/div>\n<\/div>\n<\/div>\n","protected":false},"excerpt":{"rendered":"<p>Ota yhteytt\u00e4 Ei ole v\u00e4li\u00e4, mist\u00e4 l\u00e4hdette liikkeelle,&nbsp;me autamme oikeaan suuntaan. J\u00e4t\u00e4 viesti, niin asiantuntijamme ottavat teihin yhteytt\u00e4 ja auttavat l\u00f6yt\u00e4m\u00e4\u00e4n parhaan ratkaisun juuri teille. info@catalyte.fi +358401931444 Catalyte Helsinki, Finland<\/p>\n","protected":false},"author":1,"featured_media":0,"parent":0,"menu_order":0,"comment_status":"closed","ping_status":"closed","template":"page-no-title","meta":{"footnotes":""},"ai_seo_topic":[],"class_list":["post-19","page","type-page","status-publish","hentry"],"_links":{"self":[{"href":"https:\/\/catalyte.fi\/fi\/wp-json\/wp\/v2\/pages\/19","targetHints":{"allow":["GET"]}}],"collection":[{"href":"https:\/\/catalyte.fi\/fi\/wp-json\/wp\/v2\/pages"}],"about":[{"href":"https:\/\/catalyte.fi\/fi\/wp-json\/wp\/v2\/types\/page"}],"author":[{"embeddable":true,"href":"https:\/\/catalyte.fi\/fi\/wp-json\/wp\/v2\/users\/1"}],"replies":[{"embeddable":true,"href":"https:\/\/catalyte.fi\/fi\/wp-json\/wp\/v2\/comments?post=19"}],"version-history":[{"count":47,"href":"https:\/\/catalyte.fi\/fi\/wp-json\/wp\/v2\/pages\/19\/revisions"}],"predecessor-version":[{"id":6860,"href":"https:\/\/catalyte.fi\/fi\/wp-json\/wp\/v2\/pages\/19\/revisions\/6860"}],"wp:attachment":[{"href":"https:\/\/catalyte.fi\/fi\/wp-json\/wp\/v2\/media?parent=19"}],"wp:term":[{"taxonomy":"ai_seo_topic","embeddable":true,"href":"https:\/\/catalyte.fi\/fi\/wp-json\/wp\/v2\/ai_seo_topic?post=19"}],"curies":[{"name":"wp","href":"https:\/\/api.w.org\/{rel}","templated":true}]}}