{"id":51,"date":"2026-02-11T12:02:38","date_gmt":"2026-02-11T10:02:38","guid":{"rendered":"https:\/\/catalyte.fi\/?page_id=51"},"modified":"2026-04-07T15:43:27","modified_gmt":"2026-04-07T12:43:27","slug":"team","status":"publish","type":"page","link":"https:\/\/catalyte.fi\/en\/team\/","title":{"rendered":"Team"},"content":{"rendered":"<div class=\"wp-block-group is-vertical is-layout-flex wp-container-core-group-is-layout-fed7e1b2 wp-block-group-is-layout-flex has-background\" style=\"min-height:0vh;background-image:url(&apos;https:\/\/catalyte.fi\/wp-content\/uploads\/2026\/02\/thumb-2-mirror.jpg&apos;);background-size:cover;\">\n<h2 class=\"wp-block-heading has-base-color has-text-color has-link-color wp-elements-56b12479f5f737545282ce96428e3fe4\" style=\"padding-top:var(--wp--preset--spacing--50);padding-right:var(--wp--preset--spacing--50);padding-bottom:var(--wp--preset--spacing--50);padding-left:var(--wp--preset--spacing--50);font-size:clamp(38.682px, 2.418rem + ((1vw - 3.2px) * 2.603), 72px);\">Our team<\/h2>\n<\/div>\n\n\n\n<div class=\"wp-block-group no-overscale has-base-background-color has-background has-global-padding is-layout-constrained wp-container-core-group-is-layout-f6612902 wp-block-group-is-layout-constrained\" style=\"min-height:0px;margin-bottom:0;padding-top:0;padding-right:var(--wp--preset--spacing--60);padding-bottom:0;padding-left:var(--wp--preset--spacing--60)\">\n<div class=\"wp-block-group has-global-padding is-layout-constrained wp-container-core-group-is-layout-86383801 wp-block-group-is-layout-constrained\" style=\"min-height:89vh;padding-top:var(--wp--preset--spacing--80);padding-right:0;padding-bottom:var(--wp--preset--spacing--80);padding-left:0\">\n<div class=\"wp-block-columns is-style-default reveal is-layout-flex wp-container-core-columns-is-layout-962b30a5 wp-block-columns-is-layout-flex\" style=\"margin-top:0;margin-bottom:0;padding-right:0;padding-left:0\">\n<div class=\"wp-block-column is-layout-flow wp-block-column-is-layout-flow\" style=\"padding-right:0;padding-left:0;flex-basis:160px\">\n<figure class=\"wp-block-image aligncenter size-large is-resized has-custom-border\" style=\"margin-right:0\"><img loading=\"lazy\" decoding=\"async\" width=\"956\" height=\"1024\" src=\"https:\/\/catalyte.fi\/wp-content\/uploads\/2026\/02\/ilkka_portrait_06-2025-956x1024.jpg\" alt=\"\" class=\"wp-image-52\" style=\"border-top-left-radius:100px;border-top-right-radius:100px;border-bottom-left-radius:100px;border-bottom-right-radius:100px;aspect-ratio:1;object-fit:cover;width:135px\" srcset=\"https:\/\/catalyte.fi\/wp-content\/uploads\/2026\/02\/ilkka_portrait_06-2025-956x1024.jpg 956w, https:\/\/catalyte.fi\/wp-content\/uploads\/2026\/02\/ilkka_portrait_06-2025-280x300.jpg 280w, https:\/\/catalyte.fi\/wp-content\/uploads\/2026\/02\/ilkka_portrait_06-2025-768x823.jpg 768w, https:\/\/catalyte.fi\/wp-content\/uploads\/2026\/02\/ilkka_portrait_06-2025.jpg 1417w\" sizes=\"auto, (max-width: 956px) 100vw, 956px\" \/><\/figure>\n<\/div>\n\n\n\n<div class=\"wp-block-column is-layout-flow wp-block-column-is-layout-flow\" style=\"padding-right:0;padding-left:0\">\n<h2 class=\"wp-block-heading\" style=\"padding-top:0;padding-right:0;padding-bottom:0;padding-left:var(--wp--preset--spacing--20)\">Ilkka Kangas<\/h2>\n\n\n\n<p class=\"has-accent-4-color has-text-color has-medium-font-size\" style=\"margin-top:var(--wp--preset--spacing--30);margin-bottom:var(--wp--preset--spacing--30);margin-left:var(--wp--preset--spacing--20)\"><strong>Senior ServiceNow Architect, Co-Founder, Catalyte Oy<\/strong><\/p>\n\n\n\n<p class=\"has-contrast-color has-text-color has-large-font-size\" style=\"margin-top:var(--wp--preset--spacing--30);margin-bottom:var(--wp--preset--spacing--30);margin-left:var(--wp--preset--spacing--20)\">Service management digitalization, architecture, and integrations have been on my desk for over a decade. Most of this time has been spent deep within the ServiceNow ecosystem, utilizing out-of-the-box applications and platform capabilities as well as developing tailored solutions to meet customer needs. Working across a wide range of customer environments and stakeholders has provided a strong foundation for collaboration, design, problem-solving, and continuous development.<\/p>\n\n\n\n<p class=\"has-contrast-color has-text-color has-large-font-size\" style=\"margin-top:var(--wp--preset--spacing--30);margin-bottom:var(--wp--preset--spacing--30);margin-left:var(--wp--preset--spacing--20)\">What motivates me most is seeing a solution genuinely make a customer\u2019s daily work easier and deliver tangible value. My goal is to build sustainable solutions that support the customer\u2019s development in the long term and adapt to changing needs.<\/p>\n\n\n\n<p class=\"has-text-align-left has-contrast-color has-text-color has-large-font-size\" style=\"margin-top:var(--wp--preset--spacing--30);margin-bottom:var(--wp--preset--spacing--30);margin-left:var(--wp--preset--spacing--20)\">In addition to ServiceNow, I am also familiar with the iPaaS platforms Frends and ONEiO, as well as the project management platform Monday.com.<\/p>\n\n\n\n<ul class=\"wp-block-social-links has-icon-background-color is-layout-flex wp-block-social-links-is-layout-flex\" style=\"margin-left:var(--wp--preset--spacing--20)\"><li style=\"background-color:#000000;\" class=\"wp-social-link wp-social-link-linkedin has-black-background-color wp-block-social-link\"><a href=\"https:\/\/www.linkedin.com\/in\/ilkkakangas\/\" class=\"wp-block-social-link-anchor\"><svg width=\"24\" height=\"24\" viewbox=\"0 0 24 24\" version=\"1.1\" xmlns=\"http:\/\/www.w3.org\/2000\/svg\" aria-hidden=\"true\" focusable=\"false\"><path d=\"M19.7,3H4.3C3.582,3,3,3.582,3,4.3v15.4C3,20.418,3.582,21,4.3,21h15.4c0.718,0,1.3-0.582,1.3-1.3V4.3 C21,3.582,20.418,3,19.7,3z M8.339,18.338H5.667v-8.59h2.672V18.338z M7.004,8.574c-0.857,0-1.549-0.694-1.549-1.548 c0-0.855,0.691-1.548,1.549-1.548c0.854,0,1.547,0.694,1.547,1.548C8.551,7.881,7.858,8.574,7.004,8.574z M18.339,18.338h-2.669 v-4.177c0-0.996-0.017-2.278-1.387-2.278c-1.389,0-1.601,1.086-1.601,2.206v4.249h-2.667v-8.59h2.559v1.174h0.037 c0.356-0.675,1.227-1.387,2.526-1.387c2.703,0,3.203,1.779,3.203,4.092V18.338z\"><\/path><\/svg><span class=\"wp-block-social-link-label screen-reader-text\">LinkedIn<\/span><\/a><\/li><\/ul>\n<\/div>\n\n\n\n<div class=\"wp-block-column is-layout-flow wp-block-column-is-layout-flow\" style=\"flex-basis:160px\">\n<figure class=\"wp-block-image aligncenter size-large is-resized has-custom-border\" style=\"margin-right:0;margin-left:0\"><img loading=\"lazy\" decoding=\"async\" width=\"768\" height=\"1024\" src=\"https:\/\/catalyte.fi\/wp-content\/uploads\/2026\/02\/jyri-Large-768x1024.jpeg\" alt=\"\" class=\"wp-image-55\" style=\"border-style:none;border-width:0px;border-top-left-radius:100px;border-top-right-radius:100px;border-bottom-left-radius:100px;border-bottom-right-radius:100px;object-fit:cover;width:135px;height:135px\" srcset=\"https:\/\/catalyte.fi\/wp-content\/uploads\/2026\/02\/jyri-Large-768x1024.jpeg 768w, https:\/\/catalyte.fi\/wp-content\/uploads\/2026\/02\/jyri-Large-225x300.jpeg 225w, https:\/\/catalyte.fi\/wp-content\/uploads\/2026\/02\/jyri-Large.jpeg 960w\" sizes=\"auto, (max-width: 768px) 100vw, 768px\" \/><\/figure>\n<\/div>\n\n\n\n<div class=\"wp-block-column is-layout-flow wp-block-column-is-layout-flow\" style=\"padding-right:0;padding-left:0\">\n<h2 class=\"wp-block-heading\" style=\"padding-top:0;padding-right:0;padding-bottom:0;padding-left:var(--wp--preset--spacing--20)\">Jyri Venninen<\/h2>\n\n\n\n<p class=\"has-accent-4-color has-text-color has-medium-font-size\" style=\"margin-top:var(--wp--preset--spacing--30);margin-bottom:var(--wp--preset--spacing--30);margin-left:var(--wp--preset--spacing--20)\"><strong>Senior ServiceNow Architect, Co-Founder, Catalyte Oy<\/strong><\/p>\n\n\n\n<p class=\"has-contrast-color has-text-color has-large-font-size\" style=\"margin-top:var(--wp--preset--spacing--30);margin-bottom:var(--wp--preset--spacing--30);margin-left:var(--wp--preset--spacing--20)\">I am an experienced ServiceNow architect and developer with over 20 years of experience in IT services and system development in both Finland and internationally. Working in several international IT service organizations, including multi-vendor environments and outsourcing-based delivery models, has given me a unique perspective on the operating models and best practices of large enterprises.<\/p>\n\n\n\n<p class=\"has-contrast-color has-text-color has-large-font-size\" style=\"margin-top:var(--wp--preset--spacing--30);margin-bottom:var(--wp--preset--spacing--30);margin-left:var(--wp--preset--spacing--20)\">All of my customers benefit from this experience.<\/p>\n\n\n\n<p class=\"has-contrast-color has-text-color has-large-font-size\" style=\"margin-top:var(--wp--preset--spacing--30);margin-bottom:var(--wp--preset--spacing--30);margin-left:var(--wp--preset--spacing--20)\">I have extensive expertise in identifying and leveraging the ServiceNow platform\u2019s out-of-the-box capabilities, while also mastering complex customizations. My greatest passion is designing and implementing business-driven, intelligent customizations that deliver concrete value to customers. In practice, this means smoother processes, a better user experience, easier manageability, and avoiding technical debt.<\/p>\n\n\n\n<p class=\"has-contrast-color has-text-color has-large-font-size\" style=\"margin-top:var(--wp--preset--spacing--30);margin-bottom:var(--wp--preset--spacing--30);margin-left:var(--wp--preset--spacing--20)\">I believe in long-term, scalable solutions that allow our customers to focus on their core business.<\/p>\n\n\n\n<ul class=\"wp-block-social-links has-icon-background-color is-layout-flex wp-block-social-links-is-layout-flex\" style=\"margin-left:var(--wp--preset--spacing--20)\"><li style=\"background-color:#000000;\" class=\"wp-social-link wp-social-link-linkedin has-black-background-color wp-block-social-link\"><a href=\"https:\/\/www.linkedin.com\/in\/jyri-venninen\/\" class=\"wp-block-social-link-anchor\"><svg width=\"24\" height=\"24\" viewbox=\"0 0 24 24\" version=\"1.1\" xmlns=\"http:\/\/www.w3.org\/2000\/svg\" aria-hidden=\"true\" focusable=\"false\"><path d=\"M19.7,3H4.3C3.582,3,3,3.582,3,4.3v15.4C3,20.418,3.582,21,4.3,21h15.4c0.718,0,1.3-0.582,1.3-1.3V4.3 C21,3.582,20.418,3,19.7,3z M8.339,18.338H5.667v-8.59h2.672V18.338z M7.004,8.574c-0.857,0-1.549-0.694-1.549-1.548 c0-0.855,0.691-1.548,1.549-1.548c0.854,0,1.547,0.694,1.547,1.548C8.551,7.881,7.858,8.574,7.004,8.574z M18.339,18.338h-2.669 v-4.177c0-0.996-0.017-2.278-1.387-2.278c-1.389,0-1.601,1.086-1.601,2.206v4.249h-2.667v-8.59h2.559v1.174h0.037 c0.356-0.675,1.227-1.387,2.526-1.387c2.703,0,3.203,1.779,3.203,4.092V18.338z\"><\/path><\/svg><span class=\"wp-block-social-link-label screen-reader-text\">LinkedIn<\/span><\/a><\/li><\/ul>\n<\/div>\n<\/div>\n\n\n\n<div class=\"wp-block-columns reveal is-layout-flex wp-container-core-columns-is-layout-d882e8e4 wp-block-columns-is-layout-flex\" style=\"padding-right:0;padding-left:0\">\n<div class=\"wp-block-column is-layout-flow wp-block-column-is-layout-flow\" style=\"flex-basis:160px\">\n<figure class=\"wp-block-image aligncenter size-large is-resized has-custom-border\" style=\"margin-right:0;margin-left:0\"><img loading=\"lazy\" decoding=\"async\" width=\"768\" height=\"1024\" src=\"https:\/\/catalyte.fi\/wp-content\/uploads\/2026\/02\/simo-Large-768x1024.jpeg\" alt=\"\" class=\"wp-image-56\" style=\"border-top-left-radius:100px;border-top-right-radius:100px;border-bottom-left-radius:100px;border-bottom-right-radius:100px;aspect-ratio:1;object-fit:cover;width:135px\" srcset=\"https:\/\/catalyte.fi\/wp-content\/uploads\/2026\/02\/simo-Large-768x1024.jpeg 768w, https:\/\/catalyte.fi\/wp-content\/uploads\/2026\/02\/simo-Large-225x300.jpeg 225w, https:\/\/catalyte.fi\/wp-content\/uploads\/2026\/02\/simo-Large.jpeg 960w\" sizes=\"auto, (max-width: 768px) 100vw, 768px\" \/><\/figure>\n<\/div>\n\n\n\n<div class=\"wp-block-column is-layout-flow wp-block-column-is-layout-flow\" style=\"padding-right:0;padding-left:0\">\n<h2 class=\"wp-block-heading\" style=\"padding-top:0;padding-bottom:0;padding-left:var(--wp--preset--spacing--20)\">Simo Saaranen<\/h2>\n\n\n\n<p class=\"has-accent-4-color has-text-color has-medium-font-size\" style=\"margin-top:var(--wp--preset--spacing--30);margin-bottom:var(--wp--preset--spacing--30);margin-left:var(--wp--preset--spacing--20)\">Enterprise Architect, Co-Founder, Catalyte Oy<\/p>\n\n\n\n<p class=\"has-contrast-color has-text-color has-large-font-size\" style=\"margin-top:var(--wp--preset--spacing--30);margin-bottom:var(--wp--preset--spacing--30);margin-left:var(--wp--preset--spacing--20)\">With nearly two decades of experience, I have continuously developed my expertise. I often work with integrations, business process automation, and holistic enterprise architecture. I am passionate about designing scalable solutions and transforming operating environments into efficient, value-generating systems.<\/p>\n\n\n\n<p class=\"has-contrast-color has-text-color has-large-font-size\" style=\"margin-top:var(--wp--preset--spacing--30);margin-bottom:var(--wp--preset--spacing--30);margin-left:var(--wp--preset--spacing--20)\">I leverage platforms such as Halo, Matrix42 (Efecte: Core\/Pro), Frends, ONEiO, Atlassian Jira, and Azure to deliver significant business value. \u00a0<\/p>\n\n\n\n<p class=\"has-contrast-color has-text-color has-large-font-size\" style=\"margin-top:var(--wp--preset--spacing--30);margin-bottom:var(--wp--preset--spacing--30);margin-left:var(--wp--preset--spacing--20)\">Thanks to my coding expertise, I have been involved in building and designing portals as well as various web interfaces that extend the capabilities of process digitalization platforms and help organizations make the most of their systems.<\/p>\n\n\n\n<p class=\"has-contrast-color has-text-color has-large-font-size\" style=\"margin-top:var(--wp--preset--spacing--30);margin-bottom:var(--wp--preset--spacing--30);margin-left:var(--wp--preset--spacing--20)\"><em>\"Jack of all trades, master of none, though often better than a master of one\"<\/em><a href=\"https:\/\/www.linkedin.com\/in\/simosaaranen\/\" target=\"_blank\" rel=\"noreferrer noopener\">&nbsp;<\/a><\/p>\n\n\n\n<ul class=\"wp-block-social-links has-icon-background-color is-layout-flex wp-block-social-links-is-layout-flex\" style=\"margin-left:var(--wp--preset--spacing--20)\"><li style=\"background-color:#000000;\" class=\"wp-social-link wp-social-link-linkedin has-black-background-color wp-block-social-link\"><a href=\"https:\/\/www.linkedin.com\/in\/simosaaranen\/\" class=\"wp-block-social-link-anchor\"><svg width=\"24\" height=\"24\" viewbox=\"0 0 24 24\" version=\"1.1\" xmlns=\"http:\/\/www.w3.org\/2000\/svg\" aria-hidden=\"true\" focusable=\"false\"><path d=\"M19.7,3H4.3C3.582,3,3,3.582,3,4.3v15.4C3,20.418,3.582,21,4.3,21h15.4c0.718,0,1.3-0.582,1.3-1.3V4.3 C21,3.582,20.418,3,19.7,3z M8.339,18.338H5.667v-8.59h2.672V18.338z M7.004,8.574c-0.857,0-1.549-0.694-1.549-1.548 c0-0.855,0.691-1.548,1.549-1.548c0.854,0,1.547,0.694,1.547,1.548C8.551,7.881,7.858,8.574,7.004,8.574z M18.339,18.338h-2.669 v-4.177c0-0.996-0.017-2.278-1.387-2.278c-1.389,0-1.601,1.086-1.601,2.206v4.249h-2.667v-8.59h2.559v1.174h0.037 c0.356-0.675,1.227-1.387,2.526-1.387c2.703,0,3.203,1.779,3.203,4.092V18.338z\"><\/path><\/svg><span class=\"wp-block-social-link-label screen-reader-text\">LinkedIn<\/span><\/a><\/li><\/ul>\n<\/div>\n\n\n\n<div class=\"wp-block-column is-layout-flow wp-block-column-is-layout-flow\" style=\"flex-basis:160px\">\n<figure class=\"wp-block-image aligncenter size-full is-resized has-custom-border\" style=\"margin-right:0;margin-left:0\"><img loading=\"lazy\" decoding=\"async\" width=\"280\" height=\"280\" src=\"https:\/\/catalyte.fi\/wp-content\/uploads\/2026\/02\/tommi.webp\" alt=\"\" class=\"wp-image-70\" style=\"border-top-left-radius:100px;border-top-right-radius:100px;border-bottom-left-radius:100px;border-bottom-right-radius:100px;aspect-ratio:1;object-fit:cover;width:135px\" srcset=\"https:\/\/catalyte.fi\/wp-content\/uploads\/2026\/02\/tommi.webp 280w, https:\/\/catalyte.fi\/wp-content\/uploads\/2026\/02\/tommi-150x150.webp 150w\" sizes=\"auto, (max-width: 280px) 100vw, 280px\" \/><\/figure>\n<\/div>\n\n\n\n<div class=\"wp-block-column is-layout-flow wp-container-core-column-is-layout-fd134cff wp-block-column-is-layout-flow\" style=\"padding-right:0;padding-left:0\">\n<h2 class=\"wp-block-heading\" style=\"padding-top:0;padding-bottom:0;padding-left:var(--wp--preset--spacing--20)\">Tommi Kauhanen<\/h2>\n\n\n\n<p class=\"has-accent-4-color has-text-color has-medium-font-size\" style=\"margin-top:var(--wp--preset--spacing--30);margin-bottom:var(--wp--preset--spacing--30);margin-left:var(--wp--preset--spacing--20)\">Co-Founder, Catalyte Oy<\/p>\n\n\n\n<p class=\"has-contrast-color has-text-color has-large-font-size\" style=\"margin-top:var(--wp--preset--spacing--30);margin-bottom:var(--wp--preset--spacing--30);margin-left:var(--wp--preset--spacing--20)\">For over ten years, I have helped organizations build service management solutions that actually work in everyday operations.<\/p>\n\n\n\n<p class=\"has-contrast-color has-text-color has-large-font-size\" style=\"margin-top:var(--wp--preset--spacing--30);margin-bottom:var(--wp--preset--spacing--30);margin-left:var(--wp--preset--spacing--20)\">The work isn't just technical implementation. It starts with understanding how teams operate, where processes slow things down, and what needs to be simplified before anything gets built.<\/p>\n\n\n\n<p class=\"has-contrast-color has-text-color has-large-font-size\" style=\"margin-top:var(--wp--preset--spacing--30);margin-bottom:var(--wp--preset--spacing--30);margin-left:var(--wp--preset--spacing--20)\">Technical debt builds up easily when solutions are rushed or overcomplicated. That's why I stick to one principle: if a solution doesn't make things clearer and easier, it doesn't get built.<\/p>\n\n\n\n<p class=\"has-contrast-color has-text-color has-large-font-size\" style=\"margin-top:var(--wp--preset--spacing--30);margin-bottom:var(--wp--preset--spacing--30);margin-left:var(--wp--preset--spacing--20)\"><\/p>\n\n\n\n<ul class=\"wp-block-social-links has-icon-background-color is-layout-flex wp-block-social-links-is-layout-flex\" style=\"margin-left:var(--wp--preset--spacing--20)\"><li style=\"background-color:#000000;\" class=\"wp-social-link wp-social-link-linkedin has-black-background-color wp-block-social-link\"><a href=\"https:\/\/www.linkedin.com\/in\/kauhanentommi\/\" class=\"wp-block-social-link-anchor\"><svg width=\"24\" height=\"24\" viewbox=\"0 0 24 24\" version=\"1.1\" xmlns=\"http:\/\/www.w3.org\/2000\/svg\" aria-hidden=\"true\" focusable=\"false\"><path d=\"M19.7,3H4.3C3.582,3,3,3.582,3,4.3v15.4C3,20.418,3.582,21,4.3,21h15.4c0.718,0,1.3-0.582,1.3-1.3V4.3 C21,3.582,20.418,3,19.7,3z M8.339,18.338H5.667v-8.59h2.672V18.338z M7.004,8.574c-0.857,0-1.549-0.694-1.549-1.548 c0-0.855,0.691-1.548,1.549-1.548c0.854,0,1.547,0.694,1.547,1.548C8.551,7.881,7.858,8.574,7.004,8.574z M18.339,18.338h-2.669 v-4.177c0-0.996-0.017-2.278-1.387-2.278c-1.389,0-1.601,1.086-1.601,2.206v4.249h-2.667v-8.59h2.559v1.174h0.037 c0.356-0.675,1.227-1.387,2.526-1.387c2.703,0,3.203,1.779,3.203,4.092V18.338z\"><\/path><\/svg><span class=\"wp-block-social-link-label screen-reader-text\">LinkedIn<\/span><\/a><\/li><\/ul>\n<\/div>\n<\/div>\n<\/div>\n<\/div>","protected":false},"excerpt":{"rendered":"<p>Tiimimme Ilkka Kangas Senior ServiceNow Architect, Co-Founder, Catalyte Oy Palvelunhallinnan digitalisointi, arkkitehtuuri ja integraatiot&nbsp;ovat olleet ty\u00f6p\u00f6yd\u00e4ll\u00e4ni&nbsp;jo reilun kymmenen vuoden ajan. Suurin osa t\u00e4st\u00e4 ajasta on kulunut&nbsp;syv\u00e4ll\u00e4 ServiceNow-ekosysteemiss\u00e4, hy\u00f6dynt\u00e4en valmiita sovelluksia&nbsp;ja alustan ominaisuuksia sek\u00e4 kehitt\u00e4m\u00e4ll\u00e4 r\u00e4\u00e4t\u00e4l\u00f6ityj\u00e4 ratkaisuja asiakkaiden tarpeisiin. Toimiminen monenlaisissa&nbsp;asiakasymp\u00e4rist\u00f6iss\u00e4 ja sidosryhmiss\u00e4&nbsp;on antanut&nbsp;vahvan pohjan yhteisty\u00f6h\u00f6n, suunnitteluun, ongelmanratkaisuun ja kehitt\u00e4miseen. Minua motivoi eniten se, kun n\u00e4en [&hellip;]<\/p>\n","protected":false},"author":1,"featured_media":0,"parent":0,"menu_order":0,"comment_status":"closed","ping_status":"closed","template":"page-no-title","meta":{"footnotes":""},"ai_seo_topic":[],"class_list":["post-51","page","type-page","status-publish","hentry"],"_links":{"self":[{"href":"https:\/\/catalyte.fi\/en\/wp-json\/wp\/v2\/pages\/51","targetHints":{"allow":["GET"]}}],"collection":[{"href":"https:\/\/catalyte.fi\/en\/wp-json\/wp\/v2\/pages"}],"about":[{"href":"https:\/\/catalyte.fi\/en\/wp-json\/wp\/v2\/types\/page"}],"author":[{"embeddable":true,"href":"https:\/\/catalyte.fi\/en\/wp-json\/wp\/v2\/users\/1"}],"replies":[{"embeddable":true,"href":"https:\/\/catalyte.fi\/en\/wp-json\/wp\/v2\/comments?post=51"}],"version-history":[{"count":119,"href":"https:\/\/catalyte.fi\/en\/wp-json\/wp\/v2\/pages\/51\/revisions"}],"predecessor-version":[{"id":6930,"href":"https:\/\/catalyte.fi\/en\/wp-json\/wp\/v2\/pages\/51\/revisions\/6930"}],"wp:attachment":[{"href":"https:\/\/catalyte.fi\/en\/wp-json\/wp\/v2\/media?parent=51"}],"wp:term":[{"taxonomy":"ai_seo_topic","embeddable":true,"href":"https:\/\/catalyte.fi\/en\/wp-json\/wp\/v2\/ai_seo_topic?post=51"}],"curies":[{"name":"wp","href":"https:\/\/api.w.org\/{rel}","templated":true}]}}