{"id":2962,"date":"2026-02-27T11:09:54","date_gmt":"2026-02-27T09:09:54","guid":{"rendered":"https:\/\/catalyte.fi\/?page_id=2962"},"modified":"2026-03-25T15:33:47","modified_gmt":"2026-03-25T13:33:47","slug":"services","status":"publish","type":"page","link":"https:\/\/catalyte.fi\/en\/services\/","title":{"rendered":"Services"},"content":{"rendered":"<div style=\"background-image:url(&apos;https:\/\/catalyte.fi\/wp-content\/uploads\/2026\/02\/thumb.jpg&apos;);background-size:cover;\" class=\"wp-block-group has-global-padding is-layout-constrained wp-block-group-is-layout-constrained has-background\">\n<div class=\"wp-block-group has-base-background-color has-background has-global-padding is-layout-constrained wp-block-group-is-layout-constrained\" style=\"min-height:60vh;background-image:url(&apos;https:\/\/catalyte.fi\/wp-content\/uploads\/2026\/02\/thumb.jpg&apos;);background-size:cover;\">\n<div class=\"wp-block-group is-vertical is-layout-flex wp-container-core-group-is-layout-32bc6c2f wp-block-group-is-layout-flex\" style=\"min-height:0vh;margin-top:0;margin-bottom:0\">\n<h2 class=\"wp-block-heading has-base-color has-text-color has-link-color wp-elements-8f78e39656154e393fa909ed94f38572\" style=\"padding-top:var(--wp--preset--spacing--50);padding-right:var(--wp--preset--spacing--50);padding-bottom:var(--wp--preset--spacing--50);padding-left:var(--wp--preset--spacing--50);font-size:clamp(38.682px, 2.418rem + ((1vw - 3.2px) * 2.603), 72px);\">Services<\/h2>\n<\/div>\n\n\n\n<div class=\"wp-block-group no-overscale has-global-padding is-layout-constrained wp-container-core-group-is-layout-481dc8fc wp-block-group-is-layout-constrained\" style=\"margin-top:0;margin-bottom:0;padding-top:0;padding-right:0;padding-bottom:0;padding-left:0\">\n<p><\/p>\n\n\n\n<div class=\"wp-block-query alignfull is-layout-flow wp-block-query-is-layout-flow\">\n<div class=\"wp-block-group alignfull is-layout-flow wp-container-core-group-is-layout-ffc5af4e wp-block-group-is-layout-flow\" style=\"margin-top:0;margin-bottom:0;padding-top:var(--wp--preset--spacing--50);padding-right:var(--wp--preset--spacing--50);padding-bottom:var(--wp--preset--spacing--50);padding-left:var(--wp--preset--spacing--50)\"><ul style=\"text-transform:none;\" class=\"columns-3 alignfull wp-block-post-template is-layout-grid wp-container-core-post-template-is-layout-77737926 wp-block-post-template-is-layout-grid\"><li class=\"wp-block-post post-1735 page type-page status-publish hentry\">\n\n<div class=\"wp-block-group solution-border-effect parent-has-sublink hover-effect has-base-color has-custom-halo-gradient-transparent-gradient-background has-text-color has-background has-link-color wp-elements-b14b574f243156e434238c1dd26366a9 is-layout-flow wp-container-core-group-is-layout-54c53946 wp-block-group-is-layout-flow\" style=\"border-style:none;border-width:0px;border-top-left-radius:10px;border-top-right-radius:10px;border-bottom-left-radius:10px;border-bottom-right-radius:10px;min-height:100%;margin-top:0;margin-bottom:0;padding-top:var(--wp--preset--spacing--50);padding-right:var(--wp--preset--spacing--50);padding-bottom:var(--wp--preset--spacing--50);padding-left:var(--wp--preset--spacing--50)\"><h2 style=\"font-size:clamp(0.984rem, 0.984rem + ((1vw - 0.2rem) * 0.645), 1.5rem);font-style:normal;font-weight:600;line-height:1.1; padding-top:var(--wp--preset--spacing--30);padding-left:var(--wp--preset--spacing--50);padding-right:var(--wp--preset--spacing--50);padding-bottom:var(--wp--preset--spacing--30);\" class=\"has-text-align-center wp-block-post-title\"><a href=\"https:\/\/catalyte.fi\/en\/services\/halo\/\" target=\"_self\" >Halo<\/a><\/h2>\n\n<div style=\"padding-bottom:var(--wp--preset--spacing--20);\" class=\"has-text-align-center wp-block-post-excerpt\"><p class=\"wp-block-post-excerpt__excerpt\">Yksi alusta &#8211; kolme tuotelinjaa IT-organisaatioille Palveluntarjoajille Myyntiorganisaatioille Hinnoittelu ilman yll\u00e4tyksi\u00e4. Maksat k\u00e4ytt\u00e4jist\u00e4, et toiminnallisuuksista.&hellip;<\/p><p class=\"wp-block-post-excerpt__more-text\"><a class=\"wp-block-post-excerpt__more-link\" href=\"https:\/\/catalyte.fi\/en\/services\/halo\/\">Read more<\/a><\/p><\/div><\/div>\n\n<\/li><li class=\"wp-block-post post-23 page type-page status-publish hentry\">\n\n<div class=\"wp-block-group solution-border-effect parent-has-sublink hover-effect has-base-color has-custom-halo-gradient-transparent-gradient-background has-text-color has-background has-link-color wp-elements-b14b574f243156e434238c1dd26366a9 is-layout-flow wp-container-core-group-is-layout-54c53946 wp-block-group-is-layout-flow\" style=\"border-style:none;border-width:0px;border-top-left-radius:10px;border-top-right-radius:10px;border-bottom-left-radius:10px;border-bottom-right-radius:10px;min-height:100%;margin-top:0;margin-bottom:0;padding-top:var(--wp--preset--spacing--50);padding-right:var(--wp--preset--spacing--50);padding-bottom:var(--wp--preset--spacing--50);padding-left:var(--wp--preset--spacing--50)\"><h2 style=\"font-size:clamp(0.984rem, 0.984rem + ((1vw - 0.2rem) * 0.645), 1.5rem);font-style:normal;font-weight:600;line-height:1.1; padding-top:var(--wp--preset--spacing--30);padding-left:var(--wp--preset--spacing--50);padding-right:var(--wp--preset--spacing--50);padding-bottom:var(--wp--preset--spacing--30);\" class=\"has-text-align-center wp-block-post-title\"><a href=\"https:\/\/catalyte.fi\/en\/services\/integrations\/\" target=\"_self\" >Integrations<\/a><\/h2>\n\n<div style=\"padding-bottom:var(--wp--preset--spacing--20);\" class=\"has-text-align-center wp-block-post-excerpt\"><p class=\"wp-block-post-excerpt__excerpt\">Integraatiot Integraatiot yhdist\u00e4v\u00e4t j\u00e4rjestelm\u00e4t toimimaan saumattomasti yhdess\u00e4. Ne v\u00e4hent\u00e4v\u00e4t manuaalista ty\u00f6t\u00e4, parantavat datan laatua ja&hellip;<\/p><p class=\"wp-block-post-excerpt__more-text\"><a class=\"wp-block-post-excerpt__more-link\" href=\"https:\/\/catalyte.fi\/en\/services\/integrations\/\">Read more<\/a><\/p><\/div><\/div>\n\n<\/li><li class=\"wp-block-post post-22 page type-page status-publish hentry\">\n\n<div class=\"wp-block-group solution-border-effect parent-has-sublink hover-effect has-base-color has-custom-halo-gradient-transparent-gradient-background has-text-color has-background has-link-color wp-elements-b14b574f243156e434238c1dd26366a9 is-layout-flow wp-container-core-group-is-layout-54c53946 wp-block-group-is-layout-flow\" style=\"border-style:none;border-width:0px;border-top-left-radius:10px;border-top-right-radius:10px;border-bottom-left-radius:10px;border-bottom-right-radius:10px;min-height:100%;margin-top:0;margin-bottom:0;padding-top:var(--wp--preset--spacing--50);padding-right:var(--wp--preset--spacing--50);padding-bottom:var(--wp--preset--spacing--50);padding-left:var(--wp--preset--spacing--50)\"><h2 style=\"font-size:clamp(0.984rem, 0.984rem + ((1vw - 0.2rem) * 0.645), 1.5rem);font-style:normal;font-weight:600;line-height:1.1; padding-top:var(--wp--preset--spacing--30);padding-left:var(--wp--preset--spacing--50);padding-right:var(--wp--preset--spacing--50);padding-bottom:var(--wp--preset--spacing--30);\" class=\"has-text-align-center wp-block-post-title\"><a href=\"https:\/\/catalyte.fi\/en\/services\/enterprise-service-management\/\" target=\"_self\" >Enterprise service management<\/a><\/h2>\n\n<div style=\"padding-bottom:var(--wp--preset--spacing--20);\" class=\"has-text-align-center wp-block-post-excerpt\"><p class=\"wp-block-post-excerpt__excerpt\">Liiketoiminnan palvelunhallinta Liiketoiminnan palvelunhallinta tarkoittaa organisaation palveluiden suunnittelua, toimittamista ja jatkuvaa kehitt\u00e4mist\u00e4 siten, ett\u00e4 ne&hellip;<\/p><p class=\"wp-block-post-excerpt__more-text\"><a class=\"wp-block-post-excerpt__more-link\" href=\"https:\/\/catalyte.fi\/en\/services\/enterprise-service-management\/\">Read more<\/a><\/p><\/div><\/div>\n\n<\/li><li class=\"wp-block-post post-567 page type-page status-publish hentry\">\n\n<div class=\"wp-block-group solution-border-effect parent-has-sublink hover-effect has-base-color has-custom-halo-gradient-transparent-gradient-background has-text-color has-background has-link-color wp-elements-b14b574f243156e434238c1dd26366a9 is-layout-flow wp-container-core-group-is-layout-54c53946 wp-block-group-is-layout-flow\" style=\"border-style:none;border-width:0px;border-top-left-radius:10px;border-top-right-radius:10px;border-bottom-left-radius:10px;border-bottom-right-radius:10px;min-height:100%;margin-top:0;margin-bottom:0;padding-top:var(--wp--preset--spacing--50);padding-right:var(--wp--preset--spacing--50);padding-bottom:var(--wp--preset--spacing--50);padding-left:var(--wp--preset--spacing--50)\"><h2 style=\"font-size:clamp(0.984rem, 0.984rem + ((1vw - 0.2rem) * 0.645), 1.5rem);font-style:normal;font-weight:600;line-height:1.1; padding-top:var(--wp--preset--spacing--30);padding-left:var(--wp--preset--spacing--50);padding-right:var(--wp--preset--spacing--50);padding-bottom:var(--wp--preset--spacing--30);\" class=\"has-text-align-center wp-block-post-title\"><a href=\"https:\/\/catalyte.fi\/en\/services\/matrix42-professional\/\" target=\"_self\" >Matrix42 Professional<\/a><\/h2>\n\n<div style=\"padding-bottom:var(--wp--preset--spacing--20);\" class=\"has-text-align-center wp-block-post-excerpt\"><p class=\"wp-block-post-excerpt__excerpt\">Professional Alusta kaikille prosesseille Digitalisoi ja automatisoi ty\u00f6si modernilla, teko\u00e4ly\u00e4 hy\u00f6dynt\u00e4v\u00e4ll\u00e4 palvelunhallintaohjelmistolla, joka mukautuu tarpeisiisi&hellip;<\/p><p class=\"wp-block-post-excerpt__more-text\"><a class=\"wp-block-post-excerpt__more-link\" href=\"https:\/\/catalyte.fi\/en\/services\/matrix42-professional\/\">Read more<\/a><\/p><\/div><\/div>\n\n<\/li><li class=\"wp-block-post post-573 page type-page status-publish hentry\">\n\n<div class=\"wp-block-group solution-border-effect parent-has-sublink hover-effect has-base-color has-custom-halo-gradient-transparent-gradient-background has-text-color has-background has-link-color wp-elements-b14b574f243156e434238c1dd26366a9 is-layout-flow wp-container-core-group-is-layout-54c53946 wp-block-group-is-layout-flow\" style=\"border-style:none;border-width:0px;border-top-left-radius:10px;border-top-right-radius:10px;border-bottom-left-radius:10px;border-bottom-right-radius:10px;min-height:100%;margin-top:0;margin-bottom:0;padding-top:var(--wp--preset--spacing--50);padding-right:var(--wp--preset--spacing--50);padding-bottom:var(--wp--preset--spacing--50);padding-left:var(--wp--preset--spacing--50)\"><h2 style=\"font-size:clamp(0.984rem, 0.984rem + ((1vw - 0.2rem) * 0.645), 1.5rem);font-style:normal;font-weight:600;line-height:1.1; padding-top:var(--wp--preset--spacing--30);padding-left:var(--wp--preset--spacing--50);padding-right:var(--wp--preset--spacing--50);padding-bottom:var(--wp--preset--spacing--30);\" class=\"has-text-align-center wp-block-post-title\"><a href=\"https:\/\/catalyte.fi\/en\/services\/servicenow\/\" target=\"_self\" >ServiceNow<\/a><\/h2>\n\n<div style=\"padding-bottom:var(--wp--preset--spacing--20);\" class=\"has-text-align-center wp-block-post-excerpt\"><p class=\"wp-block-post-excerpt__excerpt\">ServiceNow ServiceNow UX ja r\u00e4\u00e4t\u00e4l\u00f6idyt sovellukset, jotka oikeasti toimivat Parempi k\u00e4ytt\u00e4j\u00e4kokemus tuo parempia tuloksia. Moderni&hellip;<\/p><p class=\"wp-block-post-excerpt__more-text\"><a class=\"wp-block-post-excerpt__more-link\" href=\"https:\/\/catalyte.fi\/en\/services\/servicenow\/\">Read more<\/a><\/p><\/div><\/div>\n\n<\/li><\/ul><\/div>\n<\/div>\n<\/div>\n<\/div>\n\n\n\n<div class=\"wp-block-group has-contrast-background-color has-background has-global-padding is-layout-constrained wp-block-group-is-layout-constrained\" style=\"min-height:20%;padding-top:10%;padding-bottom:10%\">\n<h2 class=\"wp-block-heading has-text-align-center has-base-color has-text-color has-link-color wp-elements-94dbe3de4958fbdb215fe08ee52adca9\" style=\"padding-top:var(--wp--preset--spacing--50);padding-bottom:var(--wp--preset--spacing--50)\">Let\u2019s discuss solutions<\/h2>\n\n\n\n<div class=\"wp-block-buttons is-content-justification-center is-layout-flex wp-container-core-buttons-is-layout-571ad19f wp-block-buttons-is-layout-flex\" style=\"padding-top:0;padding-bottom:var(--wp--preset--spacing--50)\">\n<div class=\"wp-block-button button-effects\"><a class=\"wp-block-button__link has-contrast-color has-base-background-color has-text-color has-background has-link-color has-text-align-center wp-element-button\" href=\"https:\/\/catalyte.fi\/en\/contact\/\">Contact<\/a><\/div>\n<\/div>\n<\/div>\n<\/div>","protected":false},"excerpt":{"rendered":"<p>Palvelut Keskustellaan lis\u00e4\u00e4 ratkaisuista<\/p>","protected":false},"author":1,"featured_media":0,"parent":0,"menu_order":0,"comment_status":"closed","ping_status":"closed","template":"page-no-title","meta":{"footnotes":""},"ai_seo_topic":[],"class_list":["post-2962","page","type-page","status-publish","hentry"],"_links":{"self":[{"href":"https:\/\/catalyte.fi\/en\/wp-json\/wp\/v2\/pages\/2962","targetHints":{"allow":["GET"]}}],"collection":[{"href":"https:\/\/catalyte.fi\/en\/wp-json\/wp\/v2\/pages"}],"about":[{"href":"https:\/\/catalyte.fi\/en\/wp-json\/wp\/v2\/types\/page"}],"author":[{"embeddable":true,"href":"https:\/\/catalyte.fi\/en\/wp-json\/wp\/v2\/users\/1"}],"replies":[{"embeddable":true,"href":"https:\/\/catalyte.fi\/en\/wp-json\/wp\/v2\/comments?post=2962"}],"version-history":[{"count":7,"href":"https:\/\/catalyte.fi\/en\/wp-json\/wp\/v2\/pages\/2962\/revisions"}],"predecessor-version":[{"id":6151,"href":"https:\/\/catalyte.fi\/en\/wp-json\/wp\/v2\/pages\/2962\/revisions\/6151"}],"wp:attachment":[{"href":"https:\/\/catalyte.fi\/en\/wp-json\/wp\/v2\/media?parent=2962"}],"wp:term":[{"taxonomy":"ai_seo_topic","embeddable":true,"href":"https:\/\/catalyte.fi\/en\/wp-json\/wp\/v2\/ai_seo_topic?post=2962"}],"curies":[{"name":"wp","href":"https:\/\/api.w.org\/{rel}","templated":true}]}}