{"id":16,"date":"2026-02-03T12:43:24","date_gmt":"2026-02-03T12:43:24","guid":{"rendered":"http:\/\/localhost:8080\/?page_id=8"},"modified":"2026-04-02T10:38:25","modified_gmt":"2026-04-02T07:38:25","slug":"company","status":"publish","type":"page","link":"https:\/\/catalyte.fi\/en\/company\/","title":{"rendered":"Company"},"content":{"rendered":"<div class=\"wp-block-group has-global-padding is-layout-constrained wp-block-group-is-layout-constrained\" style=\"min-height:89vh;padding-top:0\">\n<div class=\"wp-block-group has-global-padding is-layout-constrained wp-container-core-group-is-layout-72190d31 wp-block-group-is-layout-constrained has-background\" style=\"margin-top:0;margin-bottom:0;padding-top:0;padding-right:0;padding-bottom:0;padding-left:0;background-image:url(&apos;https:\/\/catalyte.fi\/wp-content\/uploads\/2026\/02\/thumb.jpg&apos;);background-size:cover;\">\n<div class=\"wp-block-group has-accent-2-background-color has-background has-global-padding is-layout-constrained wp-container-core-group-is-layout-836493cc wp-block-group-is-layout-constrained\" style=\"min-height:0vh;margin-top:0;margin-bottom:0;padding-top:var(--wp--preset--spacing--50);padding-right:var(--wp--preset--spacing--50);padding-bottom:var(--wp--preset--spacing--50);padding-left:var(--wp--preset--spacing--50)\">\n<figure class=\"wp-block-image aligncenter size-full is-resized\"><img loading=\"lazy\" decoding=\"async\" width=\"1361\" height=\"600\" src=\"https:\/\/catalyte.fi\/wp-content\/uploads\/2026\/02\/Catalyte_nega.webp\" alt=\"\" class=\"wp-image-43\" style=\"width:670px\" srcset=\"https:\/\/catalyte.fi\/wp-content\/uploads\/2026\/02\/Catalyte_nega.webp 1361w, https:\/\/catalyte.fi\/wp-content\/uploads\/2026\/02\/Catalyte_nega-300x132.webp 300w, https:\/\/catalyte.fi\/wp-content\/uploads\/2026\/02\/Catalyte_nega-1024x451.webp 1024w, https:\/\/catalyte.fi\/wp-content\/uploads\/2026\/02\/Catalyte_nega-768x339.webp 768w\" sizes=\"auto, (max-width: 1361px) 100vw, 1361px\" \/><\/figure>\n\n\n\n<p class=\"has-text-align-center has-base-color has-text-color has-link-color has-x-large-font-size wp-elements-66a296857551c28348178f196376dcf8\" style=\"padding-top:var(--wp--preset--spacing--30);padding-right:var(--wp--preset--spacing--20);padding-bottom:var(--wp--preset--spacing--30);padding-left:var(--wp--preset--spacing--20)\">We build digital solutions that work in everyday use and scale with your business.<br><\/p>\n<\/div>\n<\/div>\n\n\n\n<div class=\"wp-block-columns alignwide are-vertically-aligned-center has-custom-blac-background-color has-background is-layout-flex wp-container-core-columns-is-layout-f7888ad6 wp-block-columns-is-layout-flex\" style=\"margin-top:0;margin-bottom:0;padding-top:0;padding-right:0;padding-bottom:0;padding-left:0\">\n<div class=\"wp-block-column is-vertically-aligned-center is-layout-flow wp-block-column-is-layout-flow\" style=\"padding-top:var(--wp--preset--spacing--50);padding-bottom:var(--wp--preset--spacing--50);flex-basis:100%\">\n<div class=\"wp-block-columns has-base-color has-text-color has-link-color wp-elements-07ac77128d53e4df39c885b90ceab05b is-layout-flex wp-container-core-columns-is-layout-d0a9172e wp-block-columns-is-layout-flex\" style=\"padding-right:var(--wp--preset--spacing--50);padding-left:var(--wp--preset--spacing--50)\">\n<div class=\"wp-block-column is-layout-flow wp-container-core-column-is-layout-f5bb311e wp-block-column-is-layout-flow\" style=\"flex-basis:50%\">\n<p class=\"has-text-align-left has-base-color has-text-color has-link-color has-large-font-size wp-elements-52f1b187efbb5b54eaf80a37c2a4eca6\" style=\"margin-right:0;margin-bottom:0;margin-left:0;padding-top:0;padding-right:0;padding-bottom:0;padding-left:0\">Catalyte is a Finnish company founded in 2025. We focus on solutions for business technologies, integrations, and automation. We operate with an agile, senior-led team and leverage international platforms such as ServiceNow, Halo, and Matrix42 Professional.<\/p>\n<\/div>\n\n\n\n<div class=\"wp-block-column is-layout-flow wp-container-core-column-is-layout-f5bb311e wp-block-column-is-layout-flow\" style=\"flex-basis:50%\">\n<p class=\"has-text-align-left has-large-font-size\">Our services cover service management, integrations, and automation. Less manual work, smoother processes \u2014 leaving more time for what truly matters.<\/p>\n\n\n\n<p class=\"has-text-align-left has-large-font-size\">For us, a practical approach is what matters most: clear communication, solutions that work in everyday operations, and long-term partnerships with our customers.<\/p>\n<\/div>\n<\/div>\n\n\n\n<hr class=\"wp-block-separator has-alpha-channel-opacity\" style=\"margin-top:var(--wp--preset--spacing--50);margin-bottom:var(--wp--preset--spacing--50)\"\/>\n\n\n\n<div class=\"wp-block-group has-custom-blac-background-color has-background is-vertical is-layout-flex wp-container-core-group-is-layout-6de9c8e5 wp-block-group-is-layout-flex\" style=\"min-height:0vh;margin-top:0;margin-bottom:0;padding-top:0;padding-right:var(--wp--preset--spacing--50);padding-bottom:var(--wp--preset--spacing--30);padding-left:var(--wp--preset--spacing--50)\">\n<h1 class=\"wp-block-heading has-base-color has-text-color has-link-color wp-elements-fdb166e7e232d2a334d2e89300051ae0\" style=\"margin-top:0;margin-right:0;margin-bottom:0;margin-left:0;padding-top:0;padding-left:0;font-size:clamp(29.768px, 1.861rem + ((1vw - 3.2px) * 1.737), 52px);\">Read more about our services<\/h1>\n<\/div>\n\n\n\n<div class=\"wp-block-group no-overscale has-global-padding is-layout-constrained wp-container-core-group-is-layout-7db9d80f wp-block-group-is-layout-constrained\" style=\"padding-right:0;padding-left:0\">\n<div class=\"wp-block-columns reveal is-layout-flex wp-container-core-columns-is-layout-dee678fc wp-block-columns-is-layout-flex\" style=\"padding-top:var(--wp--preset--spacing--20);padding-right:var(--wp--preset--spacing--50);padding-bottom:var(--wp--preset--spacing--20);padding-left:var(--wp--preset--spacing--50)\">\n<div class=\"wp-block-column is-layout-flow wp-block-column-is-layout-flow\">\n<div class=\"wp-block-group hover-effect parent-has-sublink has-border-color has-accent-1-border-color has-base-color has-custom-halo-gradient-transparent-gradient-background has-text-color has-background has-link-color wp-elements-ca1847fe5665d24d9631729047f53f51 has-global-padding is-layout-constrained wp-container-core-group-is-layout-639b5052 wp-block-group-is-layout-constrained\" style=\"border-width:1px;border-top-left-radius:10px;border-top-right-radius:10px;border-bottom-left-radius:10px;border-bottom-right-radius:10px;min-height:0px;padding-top:0;padding-right:0;padding-bottom:0;padding-left:0;box-shadow:var(--wp--preset--shadow--natural)\">\n<div class=\"wp-block-group is-vertical is-content-justification-center is-layout-flex wp-container-core-group-is-layout-ee1a7887 wp-block-group-is-layout-flex\" style=\"min-height:244px;padding-top:var(--wp--preset--spacing--30);padding-right:var(--wp--preset--spacing--30);padding-bottom:var(--wp--preset--spacing--30);padding-left:var(--wp--preset--spacing--30)\">\n<p class=\"has-text-align-center has-large-font-size\" style=\"margin-top:0;margin-bottom:0;padding-top:0;padding-bottom:0\">Enterprise service management<\/p>\n\n\n\n<div class=\"wp-block-buttons is-content-justification-center is-layout-flex wp-container-core-buttons-is-layout-a89b3969 wp-block-buttons-is-layout-flex\">\n<div class=\"wp-block-button\"><a class=\"wp-block-button__link has-accent-5-background-color has-background has-text-align-center wp-element-button\" href=\"https:\/\/catalyte.fi\/en\/services\/enterprise-service-management\/\" style=\"border-style:none;border-width:0px;border-top-left-radius:0px;border-top-right-radius:0px;border-bottom-left-radius:0px;border-bottom-right-radius:0px;padding-top:0;padding-bottom:0\">Read more<\/a><\/div>\n<\/div>\n<\/div>\n<\/div>\n<\/div>\n\n\n\n<div class=\"wp-block-column is-layout-flow wp-block-column-is-layout-flow\" style=\"border-style:none;border-width:0px;border-top-left-radius:0px;border-top-right-radius:0px;border-bottom-left-radius:0px;border-bottom-right-radius:0px\">\n<div class=\"wp-block-group hover-effect parent-has-sublink has-border-color has-accent-1-border-color has-base-color has-custom-halo-gradient-transparent-gradient-background has-text-color has-background has-link-color wp-elements-2756e0868ad7e80f15ce2734da231f5f has-global-padding is-layout-constrained wp-container-core-group-is-layout-639b5052 wp-block-group-is-layout-constrained\" style=\"border-width:1px;border-top-left-radius:10px;border-top-right-radius:10px;border-bottom-left-radius:10px;border-bottom-right-radius:10px;min-height:0px;padding-top:0;padding-right:0;padding-bottom:0;padding-left:0;box-shadow:var(--wp--preset--shadow--natural)\">\n<div class=\"wp-block-group is-vertical is-content-justification-center is-layout-flex wp-container-core-group-is-layout-ee1a7887 wp-block-group-is-layout-flex\" style=\"min-height:244px;padding-top:var(--wp--preset--spacing--30);padding-right:var(--wp--preset--spacing--30);padding-bottom:var(--wp--preset--spacing--30);padding-left:var(--wp--preset--spacing--30)\">\n<p class=\"has-text-align-center has-large-font-size\" style=\"margin-top:0;margin-bottom:0;padding-top:0;padding-bottom:0\">Integrations<\/p>\n\n\n\n<div class=\"wp-block-buttons is-content-justification-center is-layout-flex wp-container-core-buttons-is-layout-a89b3969 wp-block-buttons-is-layout-flex\">\n<div class=\"wp-block-button\"><a class=\"wp-block-button__link has-accent-5-background-color has-background has-text-align-center wp-element-button\" href=\"https:\/\/catalyte.fi\/en\/services\/integrations\/\" style=\"padding-top:0;padding-bottom:0\">Read more<\/a><\/div>\n<\/div>\n<\/div>\n<\/div>\n<\/div>\n\n\n\n<div class=\"wp-block-column is-layout-flow wp-block-column-is-layout-flow\">\n<div class=\"wp-block-group hover-effect parent-has-sublink has-border-color has-accent-1-border-color has-base-color has-custom-halo-gradient-transparent-gradient-background has-text-color has-background has-link-color wp-elements-be977067de62660fd92602b7a1677b24 has-global-padding is-layout-constrained wp-container-core-group-is-layout-639b5052 wp-block-group-is-layout-constrained\" style=\"border-width:1px;border-top-left-radius:10px;border-top-right-radius:10px;border-bottom-left-radius:10px;border-bottom-right-radius:10px;min-height:0px;padding-top:0;padding-right:0;padding-bottom:0;padding-left:0;box-shadow:var(--wp--preset--shadow--natural)\">\n<div class=\"wp-block-group is-vertical is-content-justification-center is-layout-flex wp-container-core-group-is-layout-ee1a7887 wp-block-group-is-layout-flex\" style=\"min-height:244px;padding-top:var(--wp--preset--spacing--30);padding-right:var(--wp--preset--spacing--30);padding-bottom:var(--wp--preset--spacing--30);padding-left:var(--wp--preset--spacing--30)\">\n<figure class=\"wp-block-image aligncenter size-full is-resized\" style=\"margin-right:var(--wp--preset--spacing--40);margin-left:var(--wp--preset--spacing--40)\"><img loading=\"lazy\" decoding=\"async\" width=\"273\" height=\"76\" src=\"https:\/\/catalyte.fi\/wp-content\/uploads\/2026\/03\/HALO_BLUE_SVG.png\" alt=\"Halo\" class=\"wp-image-4330\" style=\"width:128px\"\/><\/figure>\n\n\n\n<div class=\"wp-block-buttons is-content-justification-center is-layout-flex wp-container-core-buttons-is-layout-a89b3969 wp-block-buttons-is-layout-flex\">\n<div class=\"wp-block-button\"><a class=\"wp-block-button__link has-accent-5-background-color has-background has-text-align-center wp-element-button\" href=\"https:\/\/catalyte.fi\/en\/services\/halo\/\">Read more<\/a><\/div>\n<\/div>\n<\/div>\n<\/div>\n<\/div>\n\n\n\n<div class=\"wp-block-column is-layout-flow wp-block-column-is-layout-flow\">\n<div class=\"wp-block-group hover-effect parent-has-sublink has-border-color has-accent-1-border-color has-base-color has-custom-halo-gradient-transparent-gradient-background has-text-color has-background has-link-color wp-elements-886d0224de62a504c13201eabf1d30b8 has-global-padding is-layout-constrained wp-container-core-group-is-layout-639b5052 wp-block-group-is-layout-constrained\" style=\"border-width:1px;border-top-left-radius:10px;border-top-right-radius:10px;border-bottom-left-radius:10px;border-bottom-right-radius:10px;min-height:0px;padding-top:0;padding-right:0;padding-bottom:0;padding-left:0;box-shadow:var(--wp--preset--shadow--natural)\">\n<div class=\"wp-block-group is-vertical is-content-justification-center is-layout-flex wp-container-core-group-is-layout-ee1a7887 wp-block-group-is-layout-flex\" style=\"min-height:244px;padding-top:var(--wp--preset--spacing--30);padding-right:var(--wp--preset--spacing--30);padding-bottom:var(--wp--preset--spacing--30);padding-left:var(--wp--preset--spacing--30)\">\n<figure class=\"wp-block-image size-full\" style=\"margin-right:var(--wp--preset--spacing--40);margin-left:var(--wp--preset--spacing--40)\"><img loading=\"lazy\" decoding=\"async\" width=\"502\" height=\"74\" src=\"https:\/\/catalyte.fi\/wp-content\/uploads\/2026\/02\/matrix42-logo-dark-1-1.png\" alt=\"Matrix42\" class=\"wp-image-2421\" style=\"object-fit:cover\" srcset=\"https:\/\/catalyte.fi\/wp-content\/uploads\/2026\/02\/matrix42-logo-dark-1-1.png 502w, https:\/\/catalyte.fi\/wp-content\/uploads\/2026\/02\/matrix42-logo-dark-1-1-300x44.png 300w\" sizes=\"auto, (max-width: 502px) 100vw, 502px\" \/><\/figure>\n\n\n\n<div class=\"wp-block-buttons is-content-justification-center is-layout-flex wp-container-core-buttons-is-layout-a89b3969 wp-block-buttons-is-layout-flex\">\n<div class=\"wp-block-button\"><a class=\"wp-block-button__link has-accent-5-background-color has-background has-text-align-center wp-element-button\" href=\"https:\/\/catalyte.fi\/en\/services\/matrix42-professional\/\">Read more<\/a><\/div>\n<\/div>\n<\/div>\n<\/div>\n<\/div>\n\n\n\n<div class=\"wp-block-column is-layout-flow wp-block-column-is-layout-flow\">\n<div class=\"wp-block-group hover-effect parent-has-sublink has-border-color has-accent-1-border-color has-base-color has-custom-halo-gradient-transparent-gradient-background has-text-color has-background has-link-color wp-elements-bff415e6e6cb2f52e186d425b43c010b has-global-padding is-layout-constrained wp-container-core-group-is-layout-639b5052 wp-block-group-is-layout-constrained\" style=\"border-width:1px;border-top-left-radius:10px;border-top-right-radius:10px;border-bottom-left-radius:10px;border-bottom-right-radius:10px;min-height:0px;padding-top:0;padding-right:0;padding-bottom:0;padding-left:0;box-shadow:var(--wp--preset--shadow--natural)\">\n<div class=\"wp-block-group is-vertical is-content-justification-center is-layout-flex wp-container-core-group-is-layout-ee1a7887 wp-block-group-is-layout-flex\" style=\"min-height:244px;padding-top:var(--wp--preset--spacing--30);padding-right:var(--wp--preset--spacing--30);padding-bottom:var(--wp--preset--spacing--30);padding-left:var(--wp--preset--spacing--30)\">\n<p class=\"has-text-align-center has-large-font-size\" style=\"padding-top:0;padding-bottom:0\">ServiceNow<\/p>\n\n\n\n<div class=\"wp-block-buttons is-content-justification-center is-layout-flex wp-container-core-buttons-is-layout-a89b3969 wp-block-buttons-is-layout-flex\">\n<div class=\"wp-block-button\"><a class=\"wp-block-button__link has-accent-5-background-color has-background has-text-align-center wp-element-button\" href=\"https:\/\/catalyte.fi\/en\/services\/servicenow\/\">Read more<\/a><\/div>\n<\/div>\n<\/div>\n<\/div>\n<\/div>\n<\/div>\n<\/div>\n\n\n\n<div class=\"wp-block-group reveal has-custom-blac-background-color has-background has-global-padding is-layout-constrained wp-container-core-group-is-layout-6fbe8395 wp-block-group-is-layout-constrained\" style=\"min-height:0vh;padding-top:0;padding-right:var(--wp--preset--spacing--50);padding-bottom:var(--wp--preset--spacing--60);padding-left:var(--wp--preset--spacing--50)\">\n<div class=\"wp-block-columns is-layout-flex wp-container-core-columns-is-layout-28f84493 wp-block-columns-is-layout-flex\">\n<div class=\"wp-block-column is-layout-flow wp-block-column-is-layout-flow\" style=\"flex-basis:100%\">\n<aside class=\"wp-block-group alignfull is-style-section-3 has-custom-blac-background-color has-background has-global-padding is-layout-constrained wp-container-core-group-is-layout-acb8e69e wp-block-group-is-layout-constrained is-style-section-3--1\" style=\"min-height:0vh;margin-top:0;margin-bottom:0;padding-top:0;padding-right:0;padding-bottom:0;padding-left:0\">\n<div class=\"wp-block-group is-vertical is-content-justification-center is-layout-flex wp-container-core-group-is-layout-e62aa020 wp-block-group-is-layout-flex\" style=\"min-height:30vh;margin-top:0;margin-bottom:0;padding-top:var(--wp--preset--spacing--60);padding-bottom:var(--wp--preset--spacing--60)\">\n<p class=\"has-text-align-center has-base-color has-text-color has-link-color has-x-large-font-size wp-elements-5a4f70eaac30bb924496acb146c31a5e\">&nbsp; Let\u2019s talk about solutions that support your business.<\/p>\n\n\n\n<div style=\"height:0px\" aria-hidden=\"true\" class=\"wp-block-spacer wp-container-content-62aae154\"><\/div>\n\n\n\n<div class=\"wp-block-buttons is-content-justification-center is-layout-flex wp-container-core-buttons-is-layout-a89b3969 wp-block-buttons-is-layout-flex\">\n<div class=\"wp-block-button button-effects\"><a class=\"wp-block-button__link has-contrast-color has-base-background-color has-text-color has-background has-link-color has-text-align-center wp-element-button\" href=\"https:\/\/catalyte.fi\/en\/contact\/\" style=\"border-top-left-radius:100px;border-top-right-radius:100px;border-bottom-left-radius:100px;border-bottom-right-radius:100px\">Contact<\/a><\/div>\n<\/div>\n<\/div>\n<\/aside>\n<\/div>\n<\/div>\n<\/div>\n<\/div>\n<\/div>\n<\/div>","protected":false},"excerpt":{"rendered":"<p>Rakennamme digitaalisia ratkaisuja, jotka toimivat arjessa ja skaalautuvat liiketoimintasi mukana Catalyte on vuonna 2025 perustettu suomalainen yritys. Keskitymme liiketoiminnan teknologioiden, integraatioiden ja automaation ratkaisuihin. Toimimme ketter\u00e4ll\u00e4, seniorivetoisella tiimill\u00e4 ja hy\u00f6dynn\u00e4mme kansainv\u00e4lisi\u00e4 alustoja kuten ServiceNow, Halo ja Matrix42 professional. Palvelumme kattavat palvelunhallinnan, integraatiot ja automaation. V\u00e4hemm\u00e4n manuaality\u00f6t\u00e4, sujuvammat prosessit&nbsp;jolloin aikaa j\u00e4\u00e4 enemm\u00e4n olennaiseen Meille t\u00e4rkeint\u00e4 on [&hellip;]<\/p>\n","protected":false},"author":1,"featured_media":0,"parent":0,"menu_order":0,"comment_status":"closed","ping_status":"closed","template":"page-no-title","meta":{"footnotes":""},"ai_seo_topic":[],"class_list":["post-16","page","type-page","status-publish","hentry"],"_links":{"self":[{"href":"https:\/\/catalyte.fi\/en\/wp-json\/wp\/v2\/pages\/16","targetHints":{"allow":["GET"]}}],"collection":[{"href":"https:\/\/catalyte.fi\/en\/wp-json\/wp\/v2\/pages"}],"about":[{"href":"https:\/\/catalyte.fi\/en\/wp-json\/wp\/v2\/types\/page"}],"author":[{"embeddable":true,"href":"https:\/\/catalyte.fi\/en\/wp-json\/wp\/v2\/users\/1"}],"replies":[{"embeddable":true,"href":"https:\/\/catalyte.fi\/en\/wp-json\/wp\/v2\/comments?post=16"}],"version-history":[{"count":384,"href":"https:\/\/catalyte.fi\/en\/wp-json\/wp\/v2\/pages\/16\/revisions"}],"predecessor-version":[{"id":6858,"href":"https:\/\/catalyte.fi\/en\/wp-json\/wp\/v2\/pages\/16\/revisions\/6858"}],"wp:attachment":[{"href":"https:\/\/catalyte.fi\/en\/wp-json\/wp\/v2\/media?parent=16"}],"wp:term":[{"taxonomy":"ai_seo_topic","embeddable":true,"href":"https:\/\/catalyte.fi\/en\/wp-json\/wp\/v2\/ai_seo_topic?post=16"}],"curies":[{"name":"wp","href":"https:\/\/api.w.org\/{rel}","templated":true}]}}